{"id":482,"date":"2021-05-15T19:19:29","date_gmt":"2021-05-15T17:19:29","guid":{"rendered":"https:\/\/www.wir-sind-eindeutig-zweideutig.de\/?page_id=482"},"modified":"2021-07-05T10:57:32","modified_gmt":"2021-07-05T08:57:32","slug":"impressum","status":"publish","type":"page","link":"https:\/\/eindeutig-zweideutig.com\/en\/impressum\/","title":{"rendered":"Impressum"},"content":{"rendered":"\t\t<div data-elementor-type=\"wp-page\" data-elementor-id=\"482\" class=\"elementor elementor-482\">\n\t\t\t\t\t\t<section class=\"elementor-section elementor-top-section elementor-element elementor-element-fe371e0 elementor-section-full_width elementor-section-content-middle elementor-section-height-default elementor-section-height-default\" data-id=\"fe371e0\" data-element_type=\"section\" data-e-type=\"section\">\n\t\t\t\t\t\t<div class=\"elementor-container elementor-column-gap-default\">\n\t\t\t\t\t<div class=\"elementor-column elementor-col-50 elementor-top-column elementor-element elementor-element-c8d2e97\" data-id=\"c8d2e97\" data-element_type=\"column\" data-e-type=\"column\">\n\t\t\t<div class=\"elementor-widget-wrap elementor-element-populated\">\n\t\t\t\t\t\t<div class=\"elementor-element elementor-element-697216b animated-slow elementor-invisible elementor-widget elementor-widget-text-editor\" data-id=\"697216b\" data-element_type=\"widget\" data-e-type=\"widget\" data-settings=\"{&quot;_animation&quot;:&quot;fadeIn&quot;}\" data-widget_type=\"text-editor.default\">\n\t\t\t\t<div class=\"elementor-widget-container\">\n\t\t\t\t\t\t\t\t\t<h1 style=\"text-align: center;\"><span style=\"color: #000000;\">eindeutig [<span style=\"color: #ff0000;\">&#8230;<\/span>] zweideutig<\/span><\/h1>\t\t\t\t\t\t\t\t<\/div>\n\t\t\t\t<\/div>\n\t\t\t\t\t<\/div>\n\t\t<\/div>\n\t\t\t\t<div class=\"elementor-column elementor-col-50 elementor-top-column elementor-element elementor-element-95abe06\" data-id=\"95abe06\" data-element_type=\"column\" data-e-type=\"column\">\n\t\t\t<div class=\"elementor-widget-wrap elementor-element-populated\">\n\t\t\t\t\t\t<div class=\"elementor-element elementor-element-9082a6d animated-slow elementor-invisible elementor-widget elementor-widget-text-editor\" data-id=\"9082a6d\" data-element_type=\"widget\" data-e-type=\"widget\" data-settings=\"{&quot;_animation&quot;:&quot;fadeIn&quot;,&quot;_animation_delay&quot;:1000}\" data-widget_type=\"text-editor.default\">\n\t\t\t\t<div class=\"elementor-widget-container\">\n\t\t\t\t\t\t\t\t\t<p style=\"text-align: center;\"><span style=\"color: #000000; font-size: 14pt; font-family: Montserrat;\">Ungehalten gehaltvolle Chansons zwischen Sinn und Unsinn<\/span><\/p>\t\t\t\t\t\t\t\t<\/div>\n\t\t\t\t<\/div>\n\t\t\t\t\t<\/div>\n\t\t<\/div>\n\t\t\t\t\t<\/div>\n\t\t<\/section>\n\t\t\t\t<section class=\"elementor-section elementor-top-section elementor-element elementor-element-5cf5a3ff elementor-section-boxed elementor-section-height-default elementor-section-height-default\" data-id=\"5cf5a3ff\" data-element_type=\"section\" data-e-type=\"section\">\n\t\t\t\t\t\t<div class=\"elementor-container elementor-column-gap-default\">\n\t\t\t\t\t<div class=\"elementor-column elementor-col-100 elementor-top-column elementor-element elementor-element-436781eb\" data-id=\"436781eb\" data-element_type=\"column\" data-e-type=\"column\">\n\t\t\t<div class=\"elementor-widget-wrap elementor-element-populated\">\n\t\t\t\t\t\t<div class=\"elementor-element elementor-element-53eb552d elementor-widget elementor-widget-text-editor\" data-id=\"53eb552d\" data-element_type=\"widget\" data-e-type=\"widget\" data-widget_type=\"text-editor.default\">\n\t\t\t\t<div class=\"elementor-widget-container\">\n\t\t\t\t\t\t\t\t\t<h1>Impressum<\/h1>\n<h2>Angaben gem\u00e4\u00df \u00a7 5 TMG<\/h2>\n<p>Arian David Stettler<br>\nHochstr. 20<br>\n42105 Wuppertal<\/p>\n<h2>Kontakt<\/h2>\n<p>Telefon: 0202 261 49 612<br>\nE-Mail: arian.stettler@gmail.com<\/p>\n<h2>Verbraucher\u00adstreit\u00adbeilegung\/Universal\u00adschlichtungs\u00adstelle<\/h2>\n<p>Wir sind nicht bereit oder verpflichtet, an Streitbeilegungsverfahren vor einer Verbraucherschlichtungsstelle teilzunehmen.<\/p>\n<h3>Haftung f\u00fcr Inhalte<\/h3>\n<p>Als Diensteanbieter sind wir gem\u00e4\u00df \u00a7 7 Abs.1 TMG f\u00fcr eigene Inhalte auf diesen Seiten nach den allgemeinen Gesetzen verantwortlich. Nach \u00a7\u00a7 8 bis 10 TMG sind wir als Diensteanbieter jedoch nicht verpflichtet, \u00fcbermittelte oder gespeicherte fremde Informationen zu \u00fcberwachen oder nach Umst\u00e4nden zu forschen, die auf eine rechtswidrige T\u00e4tigkeit hinweisen.<\/p>\n<p>Verpflichtungen zur Entfernung oder Sperrung der Nutzung von Informationen nach den allgemeinen Gesetzen bleiben hiervon unber\u00fchrt. Eine diesbez\u00fcgliche Haftung ist jedoch erst ab dem Zeitpunkt der Kenntnis einer konkreten Rechtsverletzung m\u00f6glich. Bei Bekanntwerden von entsprechenden Rechtsverletzungen werden wir diese Inhalte umgehend entfernen.<\/p>\n<h3>Haftung f\u00fcr Links<\/h3>\n<p>Unser Angebot enth\u00e4lt Links zu externen Websites Dritter, auf deren Inhalte wir keinen Einfluss haben. Deshalb k\u00f6nnen wir f\u00fcr diese fremden Inhalte auch keine Gew\u00e4hr \u00fcbernehmen. F\u00fcr die Inhalte der verlinkten Seiten ist stets der jeweilige Anbieter oder Betreiber der Seiten verantwortlich. Die verlinkten Seiten wurden zum Zeitpunkt der Verlinkung auf m\u00f6gliche Rechtsverst\u00f6\u00dfe \u00fcberpr\u00fcft. Rechtswidrige Inhalte waren zum Zeitpunkt der Verlinkung nicht erkennbar.<\/p>\n<p>Eine permanente inhaltliche Kontrolle der verlinkten Seiten ist jedoch ohne konkrete Anhaltspunkte einer Rechtsverletzung nicht zumutbar. Bei Bekanntwerden von Rechtsverletzungen werden wir derartige Links umgehend entfernen.<\/p>\n<h3>Urheberrecht<\/h3>\n<p>Die durch die Seitenbetreiber erstellten Inhalte und Werke auf diesen Seiten unterliegen dem deutschen Urheberrecht. Die Vervielf\u00e4ltigung, Bearbeitung, Verbreitung und jede Art der Verwertung au\u00dferhalb der Grenzen des Urheberrechtes bed\u00fcrfen der schriftlichen Zustimmung des jeweiligen Autors bzw. Erstellers. Downloads und Kopien dieser Seite sind nur f\u00fcr den privaten, nicht kommerziellen Gebrauch gestattet.<\/p>\n<p>Soweit die Inhalte auf dieser Seite nicht vom Betreiber erstellt wurden, werden die Urheberrechte Dritter beachtet. Insbesondere werden Inhalte Dritter als solche gekennzeichnet. Sollten Sie trotzdem auf eine Urheberrechtsverletzung aufmerksam werden, bitten wir um einen entsprechenden Hinweis. Bei Bekanntwerden von Rechtsverletzungen werden wir derartige Inhalte umgehend entfernen.<\/p>\n<p>Quelle: <a href=\"https:\/\/www.e-recht24.de\">e-recht24.de<\/a><\/p>\t\t\t\t\t\t\t\t<\/div>\n\t\t\t\t<\/div>\n\t\t\t\t\t<\/div>\n\t\t<\/div>\n\t\t\t\t\t<\/div>\n\t\t<\/section>\n\t\t\t\t<section class=\"elementor-section elementor-top-section elementor-element elementor-element-9922e5c elementor-section-content-bottom elementor-section-boxed elementor-section-height-default elementor-section-height-default\" data-id=\"9922e5c\" data-element_type=\"section\" data-e-type=\"section\" data-settings=\"{&quot;background_background&quot;:&quot;classic&quot;}\">\n\t\t\t\t\t\t<div class=\"elementor-container elementor-column-gap-default\">\n\t\t\t\t\t<div class=\"elementor-column elementor-col-100 elementor-top-column elementor-element elementor-element-5cd2cbe\" data-id=\"5cd2cbe\" data-element_type=\"column\" data-e-type=\"column\">\n\t\t\t<div class=\"elementor-widget-wrap elementor-element-populated\">\n\t\t\t\t\t\t<div class=\"elementor-element elementor-element-931ab2a elementor-widget elementor-widget-text-editor\" data-id=\"931ab2a\" data-element_type=\"widget\" data-e-type=\"widget\" data-widget_type=\"text-editor.default\">\n\t\t\t\t<div class=\"elementor-widget-container\">\n\t\t\t\t\t\t\t\t\t<p><span style=\"font-family: Montserrat;\"><span style=\"font-size: 8pt;\">\u00a9 Bilder, Texte, Webpage &amp; Impressum:<\/span><br \/><\/span><span style=\"font-family: Montserrat; font-size: 10.6667px;\"><span style=\"color: #000000;\"><a style=\"color: #000000;\" href=\"http:\/\/www.arian.ch\" target=\"_blank\" rel=\"noopener\">Arian Stettler<\/a><\/span> [<\/span><span style=\"color: #ff0000;\">&#8230;<\/span><span style=\"font-family: Montserrat; font-size: 10.6667px;\">] Hochstr<span style=\"color: #ff0000;\">.<\/span> 20 &#8211; 42015<\/span><span style=\"font-family: Montserrat; font-size: 8pt;\">\u00a0Wuppertal <\/span><span style=\"font-family: Montserrat; font-size: 8pt;\">[<\/span><span style=\"color: #ff0000;\">&#8230;<\/span><span style=\"font-family: Montserrat; font-size: 8pt;\">] <a href=\"mailto:info@eindeutig-zweideutig.com\" target=\"_blank\" rel=\"noopener\"><span style=\"color: #000000;\">info@wir-sind-eindeutig-zweideutig<span style=\"color: #ff0000;\">.<\/span>de<\/span> <\/a><\/span><span style=\"font-family: Montserrat; font-size: 8pt;\">[<\/span><span style=\"color: #ff0000;\">&#8230;<\/span><span style=\"font-family: Montserrat; font-size: 8pt;\">] 0202 \/ 261 49 612 [<span style=\"color: #ff0000;\">&#8230;<\/span>] <span style=\"color: #000000;\"><a style=\"color: #000000;\" href=\"https:\/\/www.eindeutig-zweideutig.com\/datenschutzerklaerung\/\" target=\"_blank\" rel=\"noopener\">Datenschutzerkl\u00e4rung<\/a><\/span><\/span><\/p>\t\t\t\t\t\t\t\t<\/div>\n\t\t\t\t<\/div>\n\t\t\t\t\t<\/div>\n\t\t<\/div>\n\t\t\t\t\t<\/div>\n\t\t<\/section>\n\t\t\t\t<\/div>\n\t\t","protected":false},"excerpt":{"rendered":"<p>eindeutig [&#8230;] zweideutig Ungehalten gehaltvolle Chansons zwischen Sinn und Unsinn Impressum Angaben gem\u00e4\u00df \u00a7 5 TMG Arian David Stettler Hochstr. 20 42105 Wuppertal Kontakt Telefon: 0202 261 49 612 E-Mail: arian.stettler@gmail.com Verbraucher\u00adstreit\u00adbeilegung\/Universal\u00adschlichtungs\u00adstelle Wir sind nicht bereit oder verpflichtet, an Streitbeilegungsverfahren vor einer Verbraucherschlichtungsstelle teilzunehmen. Haftung f\u00fcr Inhalte Als Diensteanbieter sind wir gem\u00e4\u00df \u00a7 7 Abs.1 [&hellip;]<\/p>\n","protected":false},"author":1,"featured_media":0,"parent":0,"menu_order":0,"comment_status":"closed","ping_status":"open","template":"elementor_canvas","meta":{"footnotes":""},"class_list":["post-482","page","type-page","status-publish","hentry"],"yoast_head":"<!-- This site is optimized with the Yoast SEO plugin v27.4 - https:\/\/yoast.com\/product\/yoast-seo-wordpress\/ -->\n<title>Impressum - eindeutig [...] zweideutig<\/title>\n<meta name=\"robots\" content=\"index, follow, max-snippet:-1, max-image-preview:large, max-video-preview:-1\" \/>\n<link rel=\"canonical\" href=\"https:\/\/eindeutig-zweideutig.com\/en\/impressum\/\" \/>\n<meta property=\"og:locale\" content=\"en_US\" \/>\n<meta property=\"og:type\" content=\"article\" \/>\n<meta property=\"og:title\" content=\"Impressum - eindeutig [...] zweideutig\" \/>\n<meta property=\"og:description\" content=\"eindeutig [&#8230;] zweideutig Ungehalten gehaltvolle Chansons zwischen Sinn und Unsinn Impressum Angaben gem\u00e4\u00df \u00a7 5 TMG Arian David Stettler Hochstr. 20 42105 Wuppertal Kontakt Telefon: 0202 261 49 612 E-Mail: arian.stettler@gmail.com Verbraucher\u00adstreit\u00adbeilegung\/Universal\u00adschlichtungs\u00adstelle Wir sind nicht bereit oder verpflichtet, an Streitbeilegungsverfahren vor einer Verbraucherschlichtungsstelle teilzunehmen. Haftung f\u00fcr Inhalte Als Diensteanbieter sind wir gem\u00e4\u00df \u00a7 7 Abs.1 [&hellip;]\" \/>\n<meta property=\"og:url\" content=\"https:\/\/eindeutig-zweideutig.com\/en\/impressum\/\" \/>\n<meta property=\"og:site_name\" content=\"eindeutig [...] zweideutig\" \/>\n<meta property=\"article:modified_time\" content=\"2021-07-05T08:57:32+00:00\" \/>\n<meta name=\"twitter:card\" content=\"summary_large_image\" \/>\n<meta name=\"twitter:label1\" content=\"Est. reading time\" \/>\n\t<meta name=\"twitter:data1\" content=\"2 minutes\" \/>\n<script type=\"application\/ld+json\" class=\"yoast-schema-graph\">{\"@context\":\"https:\\\/\\\/schema.org\",\"@graph\":[{\"@type\":\"WebPage\",\"@id\":\"https:\\\/\\\/eindeutig-zweideutig.com\\\/impressum\\\/\",\"url\":\"https:\\\/\\\/eindeutig-zweideutig.com\\\/impressum\\\/\",\"name\":\"Impressum - eindeutig [...] zweideutig\",\"isPartOf\":{\"@id\":\"https:\\\/\\\/eindeutig-zweideutig.com\\\/#website\"},\"datePublished\":\"2021-05-15T17:19:29+00:00\",\"dateModified\":\"2021-07-05T08:57:32+00:00\",\"breadcrumb\":{\"@id\":\"https:\\\/\\\/eindeutig-zweideutig.com\\\/impressum\\\/#breadcrumb\"},\"inLanguage\":\"en-US\",\"potentialAction\":[{\"@type\":\"ReadAction\",\"target\":[\"https:\\\/\\\/eindeutig-zweideutig.com\\\/impressum\\\/\"]}]},{\"@type\":\"BreadcrumbList\",\"@id\":\"https:\\\/\\\/eindeutig-zweideutig.com\\\/impressum\\\/#breadcrumb\",\"itemListElement\":[{\"@type\":\"ListItem\",\"position\":1,\"name\":\"Startseite\",\"item\":\"https:\\\/\\\/eindeutig-zweideutig.com\\\/\"},{\"@type\":\"ListItem\",\"position\":2,\"name\":\"Impressum\"}]},{\"@type\":\"WebSite\",\"@id\":\"https:\\\/\\\/eindeutig-zweideutig.com\\\/#website\",\"url\":\"https:\\\/\\\/eindeutig-zweideutig.com\\\/\",\"name\":\"eindeutig [...] zweideutig\",\"description\":\"Ungehalten gehaltvolle Chansons zwischen Sinn und Unsinn\",\"potentialAction\":[{\"@type\":\"SearchAction\",\"target\":{\"@type\":\"EntryPoint\",\"urlTemplate\":\"https:\\\/\\\/eindeutig-zweideutig.com\\\/?s={search_term_string}\"},\"query-input\":{\"@type\":\"PropertyValueSpecification\",\"valueRequired\":true,\"valueName\":\"search_term_string\"}}],\"inLanguage\":\"en-US\"}]}<\/script>\n<!-- \/ Yoast SEO plugin. -->","yoast_head_json":{"title":"Impressum - eindeutig [...] zweideutig","robots":{"index":"index","follow":"follow","max-snippet":"max-snippet:-1","max-image-preview":"max-image-preview:large","max-video-preview":"max-video-preview:-1"},"canonical":"https:\/\/eindeutig-zweideutig.com\/en\/impressum\/","og_locale":"en_US","og_type":"article","og_title":"Impressum - eindeutig [...] zweideutig","og_description":"eindeutig [&#8230;] zweideutig Ungehalten gehaltvolle Chansons zwischen Sinn und Unsinn Impressum Angaben gem\u00e4\u00df \u00a7 5 TMG Arian David Stettler Hochstr. 20 42105 Wuppertal Kontakt Telefon: 0202 261 49 612 E-Mail: arian.stettler@gmail.com Verbraucher\u00adstreit\u00adbeilegung\/Universal\u00adschlichtungs\u00adstelle Wir sind nicht bereit oder verpflichtet, an Streitbeilegungsverfahren vor einer Verbraucherschlichtungsstelle teilzunehmen. Haftung f\u00fcr Inhalte Als Diensteanbieter sind wir gem\u00e4\u00df \u00a7 7 Abs.1 [&hellip;]","og_url":"https:\/\/eindeutig-zweideutig.com\/en\/impressum\/","og_site_name":"eindeutig [...] zweideutig","article_modified_time":"2021-07-05T08:57:32+00:00","twitter_card":"summary_large_image","twitter_misc":{"Est. reading time":"2 minutes"},"schema":{"@context":"https:\/\/schema.org","@graph":[{"@type":"WebPage","@id":"https:\/\/eindeutig-zweideutig.com\/impressum\/","url":"https:\/\/eindeutig-zweideutig.com\/impressum\/","name":"Impressum - eindeutig [...] zweideutig","isPartOf":{"@id":"https:\/\/eindeutig-zweideutig.com\/#website"},"datePublished":"2021-05-15T17:19:29+00:00","dateModified":"2021-07-05T08:57:32+00:00","breadcrumb":{"@id":"https:\/\/eindeutig-zweideutig.com\/impressum\/#breadcrumb"},"inLanguage":"en-US","potentialAction":[{"@type":"ReadAction","target":["https:\/\/eindeutig-zweideutig.com\/impressum\/"]}]},{"@type":"BreadcrumbList","@id":"https:\/\/eindeutig-zweideutig.com\/impressum\/#breadcrumb","itemListElement":[{"@type":"ListItem","position":1,"name":"Startseite","item":"https:\/\/eindeutig-zweideutig.com\/"},{"@type":"ListItem","position":2,"name":"Impressum"}]},{"@type":"WebSite","@id":"https:\/\/eindeutig-zweideutig.com\/#website","url":"https:\/\/eindeutig-zweideutig.com\/","name":"eindeutig [...] zweideutig","description":"Ungehalten gehaltvolle Chansons zwischen Sinn und Unsinn","potentialAction":[{"@type":"SearchAction","target":{"@type":"EntryPoint","urlTemplate":"https:\/\/eindeutig-zweideutig.com\/?s={search_term_string}"},"query-input":{"@type":"PropertyValueSpecification","valueRequired":true,"valueName":"search_term_string"}}],"inLanguage":"en-US"}]}},"_links":{"self":[{"href":"https:\/\/eindeutig-zweideutig.com\/en\/wp-json\/wp\/v2\/pages\/482","targetHints":{"allow":["GET"]}}],"collection":[{"href":"https:\/\/eindeutig-zweideutig.com\/en\/wp-json\/wp\/v2\/pages"}],"about":[{"href":"https:\/\/eindeutig-zweideutig.com\/en\/wp-json\/wp\/v2\/types\/page"}],"author":[{"embeddable":true,"href":"https:\/\/eindeutig-zweideutig.com\/en\/wp-json\/wp\/v2\/users\/1"}],"replies":[{"embeddable":true,"href":"https:\/\/eindeutig-zweideutig.com\/en\/wp-json\/wp\/v2\/comments?post=482"}],"version-history":[{"count":0,"href":"https:\/\/eindeutig-zweideutig.com\/en\/wp-json\/wp\/v2\/pages\/482\/revisions"}],"wp:attachment":[{"href":"https:\/\/eindeutig-zweideutig.com\/en\/wp-json\/wp\/v2\/media?parent=482"}],"curies":[{"name":"wp","href":"https:\/\/api.w.org\/{rel}","templated":true}]}}