{"id":265,"date":"2020-02-13T09:33:40","date_gmt":"2020-02-13T08:33:40","guid":{"rendered":"http:\/\/www.wir-sind-eindeutig-zweideutig.de\/?page_id=265"},"modified":"2025-03-07T09:54:19","modified_gmt":"2025-03-07T08:54:19","slug":"video-aleator","status":"publish","type":"page","link":"https:\/\/eindeutig-zweideutig.com\/en\/video-aleator\/","title":{"rendered":"Video [.?.] Aleator"},"content":{"rendered":"\t\t<div data-elementor-type=\"wp-page\" data-elementor-id=\"265\" class=\"elementor elementor-265\">\n\t\t\t\t\t\t<section class=\"elementor-section elementor-top-section elementor-element elementor-element-3ca932f2 elementor-section-height-full elementor-section-full_width elementor-section-items-stretch elementor-section-content-space-between elementor-section-height-default elementor-invisible\" data-id=\"3ca932f2\" data-element_type=\"section\" data-e-type=\"section\" data-settings=\"{&quot;animation&quot;:&quot;rotateIn&quot;}\">\n\t\t\t\t\t\t<div class=\"elementor-container elementor-column-gap-no\">\n\t\t\t\t\t<div class=\"elementor-column elementor-col-100 elementor-top-column elementor-element elementor-element-3a49466b\" data-id=\"3a49466b\" data-element_type=\"column\" data-e-type=\"column\">\n\t\t\t<div class=\"elementor-widget-wrap elementor-element-populated\">\n\t\t\t\t\t\t<section class=\"elementor-section elementor-inner-section elementor-element elementor-element-72ab8e7 elementor-section-full_width elementor-section-content-middle elementor-hidden-phone elementor-section-height-default elementor-section-height-default\" data-id=\"72ab8e7\" data-element_type=\"section\" data-e-type=\"section\">\n\t\t\t\t\t\t<div class=\"elementor-container elementor-column-gap-default\">\n\t\t\t\t\t<div class=\"elementor-column elementor-col-50 elementor-inner-column elementor-element elementor-element-9c23d45\" data-id=\"9c23d45\" data-element_type=\"column\" data-e-type=\"column\">\n\t\t\t<div class=\"elementor-widget-wrap elementor-element-populated\">\n\t\t\t\t\t\t<div class=\"elementor-element elementor-element-bc11dae animated-slow elementor-invisible elementor-widget elementor-widget-text-editor\" data-id=\"bc11dae\" data-element_type=\"widget\" data-e-type=\"widget\" data-settings=\"{&quot;_animation&quot;:&quot;fadeIn&quot;}\" data-widget_type=\"text-editor.default\">\n\t\t\t\t<div class=\"elementor-widget-container\">\n\t\t\t\t\t\t\t\t\t<h1 style=\"text-align: center;\"><span style=\"color: #000000;\">eindeutig [<span style=\"color: #ff0000;\">&#8230;<\/span>] zweideutig<\/span><\/h1>\t\t\t\t\t\t\t\t<\/div>\n\t\t\t\t<\/div>\n\t\t\t\t\t<\/div>\n\t\t<\/div>\n\t\t\t\t<div class=\"elementor-column elementor-col-50 elementor-inner-column elementor-element elementor-element-574d142\" data-id=\"574d142\" data-element_type=\"column\" data-e-type=\"column\">\n\t\t\t<div class=\"elementor-widget-wrap elementor-element-populated\">\n\t\t\t\t\t\t<div class=\"elementor-element elementor-element-4d564b9 elementor-align-center animated-slow elementor-invisible elementor-widget elementor-widget-button\" data-id=\"4d564b9\" data-element_type=\"widget\" data-e-type=\"widget\" data-settings=\"{&quot;_animation&quot;:&quot;fadeIn&quot;,&quot;_animation_delay&quot;:500}\" data-widget_type=\"button.default\">\n\t\t\t\t<div class=\"elementor-widget-container\">\n\t\t\t\t\t\t\t\t\t<div class=\"elementor-button-wrapper\">\n\t\t\t\t\t<a class=\"elementor-button elementor-button-link elementor-size-sm elementor-animation-shrink\" href=\"http:\/\/www.eindeutig-zweideutig.com\">\n\t\t\t\t\t\t<span class=\"elementor-button-content-wrapper\">\n\t\t\t\t\t\t\t\t\t<span class=\"elementor-button-text\">zur\u00fcck zur Homepage<\/span>\n\t\t\t\t\t<\/span>\n\t\t\t\t\t<\/a>\n\t\t\t\t<\/div>\n\t\t\t\t\t\t\t\t<\/div>\n\t\t\t\t<\/div>\n\t\t\t\t\t<\/div>\n\t\t<\/div>\n\t\t\t\t\t<\/div>\n\t\t<\/section>\n\t\t\t\t<section class=\"elementor-section elementor-inner-section elementor-element elementor-element-4e3411c elementor-section-full_width elementor-section-content-top elementor-hidden-desktop elementor-hidden-tablet elementor-section-height-default elementor-section-height-default\" data-id=\"4e3411c\" data-element_type=\"section\" data-e-type=\"section\">\n\t\t\t\t\t\t<div class=\"elementor-container elementor-column-gap-no\">\n\t\t\t\t\t<div class=\"elementor-column elementor-col-50 elementor-inner-column elementor-element elementor-element-c39a183\" data-id=\"c39a183\" data-element_type=\"column\" data-e-type=\"column\">\n\t\t\t<div class=\"elementor-widget-wrap elementor-element-populated\">\n\t\t\t\t\t\t<div class=\"elementor-element elementor-element-358ed97 animated-slow elementor-invisible elementor-widget elementor-widget-text-editor\" data-id=\"358ed97\" data-element_type=\"widget\" data-e-type=\"widget\" data-settings=\"{&quot;_animation&quot;:&quot;fadeIn&quot;}\" data-widget_type=\"text-editor.default\">\n\t\t\t\t<div class=\"elementor-widget-container\">\n\t\t\t\t\t\t\t\t\t<h1 style=\"text-align: center;\"><span style=\"color: #000000; font-size: 18pt;\">eindeutig [<span style=\"color: #ff0000;\">&#8230;<\/span>] zweideutig<\/span><\/h1>\t\t\t\t\t\t\t\t<\/div>\n\t\t\t\t<\/div>\n\t\t\t\t\t<\/div>\n\t\t<\/div>\n\t\t\t\t<div class=\"elementor-column elementor-col-50 elementor-inner-column elementor-element elementor-element-394f379\" data-id=\"394f379\" data-element_type=\"column\" data-e-type=\"column\">\n\t\t\t<div class=\"elementor-widget-wrap elementor-element-populated\">\n\t\t\t\t\t\t<div class=\"elementor-element elementor-element-e3eeb5d elementor-align-center animated-slow elementor-invisible elementor-widget elementor-widget-button\" data-id=\"e3eeb5d\" data-element_type=\"widget\" data-e-type=\"widget\" data-settings=\"{&quot;_animation&quot;:&quot;fadeIn&quot;,&quot;_animation_delay&quot;:500}\" data-widget_type=\"button.default\">\n\t\t\t\t<div class=\"elementor-widget-container\">\n\t\t\t\t\t\t\t\t\t<div class=\"elementor-button-wrapper\">\n\t\t\t\t\t<a class=\"elementor-button elementor-button-link elementor-size-sm elementor-animation-shrink\" href=\"http:\/\/www.eindeutig-zweideutig.com\">\n\t\t\t\t\t\t<span class=\"elementor-button-content-wrapper\">\n\t\t\t\t\t\t\t\t\t<span class=\"elementor-button-text\">zur\u00fcck zur Homepage<\/span>\n\t\t\t\t\t<\/span>\n\t\t\t\t\t<\/a>\n\t\t\t\t<\/div>\n\t\t\t\t\t\t\t\t<\/div>\n\t\t\t\t<\/div>\n\t\t\t\t\t<\/div>\n\t\t<\/div>\n\t\t\t\t\t<\/div>\n\t\t<\/section>\n\t\t\t\t<section class=\"elementor-section elementor-inner-section elementor-element elementor-element-1f25551 elementor-section-full_width elementor-section-height-default elementor-section-height-default\" data-id=\"1f25551\" data-element_type=\"section\" data-e-type=\"section\" data-settings=\"{&quot;shape_divider_top&quot;:&quot;waves&quot;,&quot;shape_divider_bottom&quot;:&quot;waves&quot;}\">\n\t\t\t\t\t<div class=\"elementor-shape elementor-shape-top\" aria-hidden=\"true\" data-negative=\"false\">\n\t\t\t<svg xmlns=\"http:\/\/www.w3.org\/2000\/svg\" viewBox=\"0 0 1000 100\" preserveAspectRatio=\"none\">\n\t<path class=\"elementor-shape-fill\" d=\"M421.9,6.5c22.6-2.5,51.5,0.4,75.5,5.3c23.6,4.9,70.9,23.5,100.5,35.7c75.8,32.2,133.7,44.5,192.6,49.7\n\tc23.6,2.1,48.7,3.5,103.4-2.5c54.7-6,106.2-25.6,106.2-25.6V0H0v30.3c0,0,72,32.6,158.4,30.5c39.2-0.7,92.8-6.7,134-22.4\n\tc21.2-8.1,52.2-18.2,79.7-24.2C399.3,7.9,411.6,7.5,421.9,6.5z\"\/>\n<\/svg>\t\t<\/div>\n\t\t\t\t<div class=\"elementor-shape elementor-shape-bottom\" aria-hidden=\"true\" data-negative=\"false\">\n\t\t\t<svg xmlns=\"http:\/\/www.w3.org\/2000\/svg\" viewBox=\"0 0 1000 100\" preserveAspectRatio=\"none\">\n\t<path class=\"elementor-shape-fill\" d=\"M421.9,6.5c22.6-2.5,51.5,0.4,75.5,5.3c23.6,4.9,70.9,23.5,100.5,35.7c75.8,32.2,133.7,44.5,192.6,49.7\n\tc23.6,2.1,48.7,3.5,103.4-2.5c54.7-6,106.2-25.6,106.2-25.6V0H0v30.3c0,0,72,32.6,158.4,30.5c39.2-0.7,92.8-6.7,134-22.4\n\tc21.2-8.1,52.2-18.2,79.7-24.2C399.3,7.9,411.6,7.5,421.9,6.5z\"\/>\n<\/svg>\t\t<\/div>\n\t\t\t\t\t<div class=\"elementor-container elementor-column-gap-default\">\n\t\t\t\t\t<div class=\"elementor-column elementor-col-100 elementor-inner-column elementor-element elementor-element-a709449\" data-id=\"a709449\" data-element_type=\"column\" data-e-type=\"column\">\n\t\t\t<div class=\"elementor-widget-wrap elementor-element-populated\">\n\t\t\t\t\t\t<div class=\"elementor-element elementor-element-392d7ce4 elementor-invisible elementor-widget elementor-widget-text-editor\" data-id=\"392d7ce4\" data-element_type=\"widget\" data-e-type=\"widget\" data-settings=\"{&quot;_animation&quot;:&quot;rotateInDownRight&quot;}\" data-widget_type=\"text-editor.default\">\n\t\t\t\t<div class=\"elementor-widget-container\">\n\t\t\t\t\t\t\t\t\t<h1><strong>Video [<span style=\"color: #ff0000;\">.<\/span>?<span style=\"color: #ff0000;\">.<\/span>] Aleator<\/strong><\/h1><h4>Zuf\u00e4lliger Vorgeschmack<\/h4>\t\t\t\t\t\t\t\t<\/div>\n\t\t\t\t<\/div>\n\t\t\t\t<div class=\"elementor-element elementor-element-7e333343 elementor-invisible elementor-widget elementor-widget-shortcode\" data-id=\"7e333343\" data-element_type=\"widget\" data-e-type=\"widget\" data-settings=\"{&quot;_animation&quot;:&quot;rotateInDownRight&quot;}\" data-widget_type=\"shortcode.default\">\n\t\t\t\t<div class=\"elementor-widget-container\">\n\t\t\t\t\t\t\t<div class=\"elementor-shortcode\"><div class=\"videoWrapper\">\n<iframe src=\"https:\/\/www.youtube-nocookie.com\/embed\/y3mkqiJ2t8o?controls=0&amp;autoplay=1&amp;rel=0&amp;modestbranding&amp;vq=highres\" title=\"[.?.]\" frameborder=\"0\" allow=\"accelerometer; autoplay; clipboard-write; encrypted-media; gyroscope; picture-in-picture\" allowfullscreen=\"\"><\/iframe><\/div>\n<\/div>\n\t\t\t\t\t\t<\/div>\n\t\t\t\t<\/div>\n\t\t\t\t<div class=\"elementor-element elementor-element-2b67c459 elementor-align-center animated-fast elementor-invisible elementor-widget elementor-widget-button\" data-id=\"2b67c459\" data-element_type=\"widget\" data-e-type=\"widget\" data-settings=\"{&quot;_animation&quot;:&quot;rotateInUpLeft&quot;}\" data-widget_type=\"button.default\">\n\t\t\t\t<div class=\"elementor-widget-container\">\n\t\t\t\t\t\t\t\t\t<div class=\"elementor-button-wrapper\">\n\t\t\t\t\t<a class=\"elementor-button elementor-button-link elementor-size-md elementor-animation-grow-rotate\" href=\"https:\/\/www.eindeutig-zweideutig.com\/video-aleator\">\n\t\t\t\t\t\t<span class=\"elementor-button-content-wrapper\">\n\t\t\t\t\t\t\t\t\t<span class=\"elementor-button-text\">Noch einmal!<\/span>\n\t\t\t\t\t<\/span>\n\t\t\t\t\t<\/a>\n\t\t\t\t<\/div>\n\t\t\t\t\t\t\t\t<\/div>\n\t\t\t\t<\/div>\n\t\t\t\t\t<\/div>\n\t\t<\/div>\n\t\t\t\t\t<\/div>\n\t\t<\/section>\n\t\t\t\t<section class=\"elementor-section elementor-inner-section elementor-element elementor-element-2d27d02 elementor-section-boxed elementor-section-height-default elementor-section-height-default\" data-id=\"2d27d02\" data-element_type=\"section\" data-e-type=\"section\">\n\t\t\t\t\t\t<div class=\"elementor-container elementor-column-gap-default\">\n\t\t\t\t\t<div class=\"elementor-column elementor-col-100 elementor-inner-column elementor-element elementor-element-b6cd686\" data-id=\"b6cd686\" data-element_type=\"column\" data-e-type=\"column\">\n\t\t\t<div class=\"elementor-widget-wrap elementor-element-populated\">\n\t\t\t\t\t\t<div class=\"elementor-element elementor-element-acc253f elementor-widget elementor-widget-text-editor\" data-id=\"acc253f\" data-element_type=\"widget\" data-e-type=\"widget\" data-widget_type=\"text-editor.default\">\n\t\t\t\t<div class=\"elementor-widget-container\">\n\t\t\t\t\t\t\t\t\t<p><span style=\"font-size: 10pt;\"><span style=\"font-family: Montserrat;\">\u00a9 Bilder, Texte, Webpage: <\/span><span style=\"font-family: Montserrat;\"><span style=\"color: #000000;\"><a style=\"color: #000000;\" href=\"http:\/\/www.arian.ch\" target=\"_blank\" rel=\"noopener\">Arian David Stettler<\/a><br \/><\/span><\/span><span style=\"font-family: Montserrat;\"><span style=\"font-family: Montserrat;\"><a href=\"\/redirect-mailto.php\" target=\"_blank\" rel=\"noopener\"><span style=\"color: #000000;\">E-Mail<\/span><\/a>\u00a0[<span style=\"color: #ff0000;\">&#8230;<\/span>] <span style=\"color: #000000;\"><a style=\"color: #000000;\" href=\"https:\/\/www.eindeutig-zweideutig.com\/impressum\/\" target=\"_blank\" rel=\"noopener\">Impressum<\/a><\/span><\/span> [<\/span><span style=\"color: #ff0000;\">&#8230;<\/span><span style=\"font-family: Montserrat;\">] <span style=\"font-family: Montserrat;\"> <span style=\"color: #000000;\"><a style=\"color: #000000;\" href=\"https:\/\/www.eindeutig-zweideutig.com\/cookie-richtlinie-eu\/\" target=\"_blank\" rel=\"noopener\">Cookie-Richtlinie<\/a><\/span><\/span><\/span><span style=\"font-family: Montserrat;\">\u00a0[<span style=\"color: #ff0000;\">&#8230;<\/span>] <span style=\"color: #000000;\"><a style=\"color: #000000;\" href=\"https:\/\/www.eindeutig-zweideutig.com\/datenschutzerklaerung\/\" target=\"_blank\" rel=\"noopener\">Datenschutzerkl\u00e4rung<\/a><\/span><\/span><span style=\"font-family: Montserrat;\">\u00a0<\/span><span style=\"font-family: Montserrat;\">[<\/span><span style=\"color: #ff0000;\">&#8230;<\/span><span style=\"font-family: Montserrat;\">]<\/span><span style=\"font-family: Montserrat;\">\u00a0Tel: 0202 \/ 261 49 612<\/span><\/span><\/p>\t\t\t\t\t\t\t\t<\/div>\n\t\t\t\t<\/div>\n\t\t\t\t\t<\/div>\n\t\t<\/div>\n\t\t\t\t\t<\/div>\n\t\t<\/section>\n\t\t\t\t\t<\/div>\n\t\t<\/div>\n\t\t\t\t\t<\/div>\n\t\t<\/section>\n\t\t\t\t<\/div>\n\t\t","protected":false},"excerpt":{"rendered":"<p>eindeutig [&#8230;] zweideutig zur\u00fcck zur Homepage eindeutig [&#8230;] zweideutig zur\u00fcck zur Homepage Video [.?.] Aleator Zuf\u00e4lliger Vorgeschmack Noch einmal! \u00a9 Bilder, Texte, Webpage: Arian David StettlerE-Mail\u00a0[&#8230;] Impressum [&#8230;] Cookie-Richtlinie\u00a0[&#8230;] Datenschutzerkl\u00e4rung\u00a0[&#8230;]\u00a0Tel: 0202 \/ 261 49 612<\/p>\n","protected":false},"author":1,"featured_media":0,"parent":0,"menu_order":0,"comment_status":"closed","ping_status":"closed","template":"elementor_canvas","meta":{"footnotes":""},"class_list":["post-265","page","type-page","status-publish","hentry"],"yoast_head":"<!-- This site is optimized with the Yoast SEO plugin v27.5 - https:\/\/yoast.com\/product\/yoast-seo-wordpress\/ -->\n<title>Video [.?.] Aleator - eindeutig [...] zweideutig<\/title>\n<meta name=\"robots\" content=\"index, follow, max-snippet:-1, max-image-preview:large, max-video-preview:-1\" \/>\n<link rel=\"canonical\" href=\"https:\/\/eindeutig-zweideutig.com\/en\/video-aleator\/\" \/>\n<meta property=\"og:locale\" content=\"en_US\" \/>\n<meta property=\"og:type\" content=\"article\" \/>\n<meta property=\"og:title\" content=\"Video [.?.] Aleator - eindeutig [...] zweideutig\" \/>\n<meta property=\"og:description\" content=\"eindeutig [&#8230;] zweideutig zur\u00fcck zur Homepage eindeutig [&#8230;] zweideutig zur\u00fcck zur Homepage Video [.?.] Aleator Zuf\u00e4lliger Vorgeschmack Noch einmal! \u00a9 Bilder, Texte, Webpage: Arian David StettlerE-Mail\u00a0[&#8230;] Impressum [&#8230;] Cookie-Richtlinie\u00a0[&#8230;] Datenschutzerkl\u00e4rung\u00a0[&#8230;]\u00a0Tel: 0202 \/ 261 49 612\" \/>\n<meta property=\"og:url\" content=\"https:\/\/eindeutig-zweideutig.com\/en\/video-aleator\/\" \/>\n<meta property=\"og:site_name\" content=\"eindeutig [...] zweideutig\" \/>\n<meta property=\"article:modified_time\" content=\"2025-03-07T08:54:19+00:00\" \/>\n<meta name=\"twitter:card\" content=\"summary_large_image\" \/>\n<meta name=\"twitter:label1\" content=\"Est. reading time\" \/>\n\t<meta name=\"twitter:data1\" content=\"1 minute\" \/>\n<script type=\"application\/ld+json\" class=\"yoast-schema-graph\">{\"@context\":\"https:\\\/\\\/schema.org\",\"@graph\":[{\"@type\":\"WebPage\",\"@id\":\"https:\\\/\\\/eindeutig-zweideutig.com\\\/video-aleator\\\/\",\"url\":\"https:\\\/\\\/eindeutig-zweideutig.com\\\/video-aleator\\\/\",\"name\":\"Video [.?.] Aleator - eindeutig [...] zweideutig\",\"isPartOf\":{\"@id\":\"https:\\\/\\\/eindeutig-zweideutig.com\\\/#website\"},\"datePublished\":\"2020-02-13T08:33:40+00:00\",\"dateModified\":\"2025-03-07T08:54:19+00:00\",\"breadcrumb\":{\"@id\":\"https:\\\/\\\/eindeutig-zweideutig.com\\\/video-aleator\\\/#breadcrumb\"},\"inLanguage\":\"en-US\",\"potentialAction\":[{\"@type\":\"ReadAction\",\"target\":[\"https:\\\/\\\/eindeutig-zweideutig.com\\\/video-aleator\\\/\"]}]},{\"@type\":\"BreadcrumbList\",\"@id\":\"https:\\\/\\\/eindeutig-zweideutig.com\\\/video-aleator\\\/#breadcrumb\",\"itemListElement\":[{\"@type\":\"ListItem\",\"position\":1,\"name\":\"Startseite\",\"item\":\"https:\\\/\\\/eindeutig-zweideutig.com\\\/\"},{\"@type\":\"ListItem\",\"position\":2,\"name\":\"Video [.?.] Aleator\"}]},{\"@type\":\"WebSite\",\"@id\":\"https:\\\/\\\/eindeutig-zweideutig.com\\\/#website\",\"url\":\"https:\\\/\\\/eindeutig-zweideutig.com\\\/\",\"name\":\"eindeutig [...] zweideutig\",\"description\":\"Ungehalten gehaltvolle Chansons zwischen Sinn und Unsinn\",\"potentialAction\":[{\"@type\":\"SearchAction\",\"target\":{\"@type\":\"EntryPoint\",\"urlTemplate\":\"https:\\\/\\\/eindeutig-zweideutig.com\\\/?s={search_term_string}\"},\"query-input\":{\"@type\":\"PropertyValueSpecification\",\"valueRequired\":true,\"valueName\":\"search_term_string\"}}],\"inLanguage\":\"en-US\"}]}<\/script>\n<!-- \/ Yoast SEO plugin. -->","yoast_head_json":{"title":"Video [.?.] Aleator - eindeutig [...] zweideutig","robots":{"index":"index","follow":"follow","max-snippet":"max-snippet:-1","max-image-preview":"max-image-preview:large","max-video-preview":"max-video-preview:-1"},"canonical":"https:\/\/eindeutig-zweideutig.com\/en\/video-aleator\/","og_locale":"en_US","og_type":"article","og_title":"Video [.?.] Aleator - eindeutig [...] zweideutig","og_description":"eindeutig [&#8230;] zweideutig zur\u00fcck zur Homepage eindeutig [&#8230;] zweideutig zur\u00fcck zur Homepage Video [.?.] Aleator Zuf\u00e4lliger Vorgeschmack Noch einmal! \u00a9 Bilder, Texte, Webpage: Arian David StettlerE-Mail\u00a0[&#8230;] Impressum [&#8230;] Cookie-Richtlinie\u00a0[&#8230;] Datenschutzerkl\u00e4rung\u00a0[&#8230;]\u00a0Tel: 0202 \/ 261 49 612","og_url":"https:\/\/eindeutig-zweideutig.com\/en\/video-aleator\/","og_site_name":"eindeutig [...] zweideutig","article_modified_time":"2025-03-07T08:54:19+00:00","twitter_card":"summary_large_image","twitter_misc":{"Est. reading time":"1 minute"},"schema":{"@context":"https:\/\/schema.org","@graph":[{"@type":"WebPage","@id":"https:\/\/eindeutig-zweideutig.com\/video-aleator\/","url":"https:\/\/eindeutig-zweideutig.com\/video-aleator\/","name":"Video [.?.] Aleator - eindeutig [...] zweideutig","isPartOf":{"@id":"https:\/\/eindeutig-zweideutig.com\/#website"},"datePublished":"2020-02-13T08:33:40+00:00","dateModified":"2025-03-07T08:54:19+00:00","breadcrumb":{"@id":"https:\/\/eindeutig-zweideutig.com\/video-aleator\/#breadcrumb"},"inLanguage":"en-US","potentialAction":[{"@type":"ReadAction","target":["https:\/\/eindeutig-zweideutig.com\/video-aleator\/"]}]},{"@type":"BreadcrumbList","@id":"https:\/\/eindeutig-zweideutig.com\/video-aleator\/#breadcrumb","itemListElement":[{"@type":"ListItem","position":1,"name":"Startseite","item":"https:\/\/eindeutig-zweideutig.com\/"},{"@type":"ListItem","position":2,"name":"Video [.?.] Aleator"}]},{"@type":"WebSite","@id":"https:\/\/eindeutig-zweideutig.com\/#website","url":"https:\/\/eindeutig-zweideutig.com\/","name":"eindeutig [...] zweideutig","description":"Ungehalten gehaltvolle Chansons zwischen Sinn und Unsinn","potentialAction":[{"@type":"SearchAction","target":{"@type":"EntryPoint","urlTemplate":"https:\/\/eindeutig-zweideutig.com\/?s={search_term_string}"},"query-input":{"@type":"PropertyValueSpecification","valueRequired":true,"valueName":"search_term_string"}}],"inLanguage":"en-US"}]}},"_links":{"self":[{"href":"https:\/\/eindeutig-zweideutig.com\/en\/wp-json\/wp\/v2\/pages\/265","targetHints":{"allow":["GET"]}}],"collection":[{"href":"https:\/\/eindeutig-zweideutig.com\/en\/wp-json\/wp\/v2\/pages"}],"about":[{"href":"https:\/\/eindeutig-zweideutig.com\/en\/wp-json\/wp\/v2\/types\/page"}],"author":[{"embeddable":true,"href":"https:\/\/eindeutig-zweideutig.com\/en\/wp-json\/wp\/v2\/users\/1"}],"replies":[{"embeddable":true,"href":"https:\/\/eindeutig-zweideutig.com\/en\/wp-json\/wp\/v2\/comments?post=265"}],"version-history":[{"count":0,"href":"https:\/\/eindeutig-zweideutig.com\/en\/wp-json\/wp\/v2\/pages\/265\/revisions"}],"wp:attachment":[{"href":"https:\/\/eindeutig-zweideutig.com\/en\/wp-json\/wp\/v2\/media?parent=265"}],"curies":[{"name":"wp","href":"https:\/\/api.w.org\/{rel}","templated":true}]}}